{"id":4464,"date":"2016-09-27T11:31:09","date_gmt":"2016-09-27T09:31:09","guid":{"rendered":"https:\/\/collegioimmacolata.it\/laboratorio-lingua-inglese\/"},"modified":"2023-11-14T17:30:30","modified_gmt":"2023-11-14T16:30:30","slug":"laboratorio-lingua-inglese","status":"publish","type":"page","link":"https:\/\/collegioimmacolata.it\/es\/scuola-dellinfanzia\/laboratorio-lingua-inglese\/","title":{"rendered":"Taller de Ingl\u00e9s"},"content":{"rendered":"\n<p>Este taller es fundamental en la Escuela de Educaci\u00f3n Infantil porque acerca a los ni\u00f1os a un idioma extranjero, lo que significa crearles curiosidad y acompa\u00f1arlos en la exploraci\u00f3n del fen\u00f3meno ling\u00fc\u00edstico, ofrecerles una mano para darles seguridad y hacerles entender que hay muchos idiomas en el mundo que se pueden aprender para comunicarse.<\/p>\n\n\n\n<p>Este conocimiento tiene una importancia fundamental no s\u00f3lo en t\u00e9rminos de crecimiento ling\u00fc\u00edstico, sino tambi\u00e9n cultural y social, como la apertura hacia los que son diferentes a nosotros. Es un requisito previo para el desarrollo de la tolerancia en los ni\u00f1os y para promover el respeto hacia los dem\u00e1s.<\/p>\n\n\n\n<p>El proyecto de Ingl\u00e9s en la Escuela de Educaci\u00f3n Infantil se dirige a los ni\u00f1os que frecuentan el \u00faltimo a\u00f1o. El proyecto pretende crear curiosidad en el ni\u00f1o y acercarlo, a trav\u00e9s de una herramienta ling\u00fc\u00edstica diferente a la lengua italiana, al conocimiento de otras culturas y pueblos, y permitirle que se familiarice con la lengua extranjera, teniendo en cuenta, sobre todo, la funci\u00f3n comunicativa. El aprendizaje de la lengua siempre se presenta de forma l\u00fadica a trav\u00e9s de canciones, rimas y juegos.<\/p>\n\n\n\n<p>De esta manera los ni\u00f1os cantando, jugando y realizando manualidades aprenden a escuchar y repetir palabras con la pronunciaci\u00f3n y entonaci\u00f3n correctas y a seguir simples instrucciones.<\/p>\n\n\n\n<p><strong>Calendario<\/strong><\/p>\n\n\n\n<p>De octubre a mayo<\/p>\n\n\n\n<p>1 hora por semana para los ni\u00f1os de 5 a\u00f1os (divididos en dos grupos)<\/p>\n\n\n\n<p><strong>Objetivos educativos y competencias<\/strong><\/p>\n\n\n\n<p><em><span style=\"text-decoration: underline;\">Objetivos de aprendizaje<\/span><\/em>:<\/p>\n\n\n\n<p>&#8211; Intuir el significado de palabras a trav\u00e9s de la acci\u00f3n teatral del maestro;<\/p>\n\n\n\n<p>&#8211; Memorizar rimas infantiles y canciones;<\/p>\n\n\n\n<p>&#8211; Interiorizar los t\u00e9rminos de un nuevo c\u00f3digo ling\u00fc\u00edstico;<\/p>\n\n\n\n<p>&#8211; Adquirir vocabulario relacionado con los n\u00fameros, los colores y los animales.<\/p>\n\n\n\n<p><em><span style=\"text-decoration: underline;\">Metas para el desarrollo de la competencia<\/span><\/em>:<\/p>\n\n\n\n<ul>\n<li>El ni\u00f1o piensa en su idioma, descubre la presencia de diferentes idiomas, reconoce y experimenta la diversidad de los lenguajes, se mide con la creatividad y la fantas\u00eda.<\/li>\n\n\n\n<li>&nbsp;El ni\u00f1o experimenta rimas, canciones, teatro; inventa nuevas palabras, busca similitudes y analog\u00edas entre sonidos y significados.<\/li>\n\n\n\n<li>El ni\u00f1o juega de manera constructiva y creativa con los dem\u00e1s, sabe argumentar, discutir, mantener sus propias razones con adultos y ni\u00f1os.<\/li>\n<\/ul>\n\n\n\n<p><strong>Metodolog\u00eda<\/strong><\/p>\n\n\n\n<p>Las actividades est\u00e1n constituidas por un enfoque l\u00fadico- musical (canciones, historias, dibujos, juegos mnemot\u00e9cnicos, etc.). Los elementos ling\u00fc\u00edsticos propuestos a los ni\u00f1os van siempre acompa\u00f1ados de material que les ilustrar\u00e1 el significado y que posteriormente ser\u00e1 utilizado para animarles a repetir.<\/p>\n\n\n\n<p>El ni\u00f1o no ser\u00e1 capaz inmediatamente de repetir y entender todo lo que se le propondr\u00e1 pero, poco a poco, conseguir\u00e1 reconocer lo que dice el maestro y asociarlo a una imagen, acci\u00f3n, situaci\u00f3n, etc.<\/p>\n\n\n\n<p>Al final del taller, los ni\u00f1os ser\u00e1n capaces de escuchar con familiaridad muchas expresiones y entender el significado global.<\/p>\n\n\n\n<p>Los materiales utilizados ser\u00e1n: marionetas, tarjetas, carteles, libros de cuentos, CD de audio, juegos estructurados, etc.<\/p>\n","protected":false},"excerpt":{"rendered":"Este taller es fundamental en la Escuela de Educaci\u00f3n Infantil porque acerca a los ni\u00f1os a un idioma&#8230;","protected":false},"author":2,"featured_media":0,"parent":4508,"menu_order":0,"comment_status":"closed","ping_status":"closed","template":"page-template_statico.php","meta":[],"yoast_head":"<!-- This site is optimized with the Yoast SEO plugin v20.12 - https:\/\/yoast.com\/wordpress\/plugins\/seo\/ -->\n<title>Taller de Ingl\u00e9s - Collegio Immacolata Conegliano<\/title>\n<meta name=\"robots\" content=\"index, follow, max-snippet:-1, max-image-preview:large, max-video-preview:-1\" \/>\n<link rel=\"canonical\" href=\"https:\/\/collegioimmacolata.it\/es\/scuola-dellinfanzia\/laboratorio-lingua-inglese\/\" \/>\n<meta property=\"og:locale\" content=\"es_ES\" \/>\n<meta property=\"og:type\" content=\"article\" \/>\n<meta property=\"og:title\" content=\"Taller de Ingl\u00e9s - Collegio Immacolata Conegliano\" \/>\n<meta property=\"og:description\" content=\"Este taller es fundamental en la Escuela de Educaci\u00f3n Infantil porque acerca a los ni\u00f1os a un idioma...\" \/>\n<meta property=\"og:url\" content=\"https:\/\/collegioimmacolata.it\/es\/scuola-dellinfanzia\/laboratorio-lingua-inglese\/\" \/>\n<meta property=\"og:site_name\" content=\"Collegio Immacolata Conegliano\" \/>\n<meta property=\"article:publisher\" content=\"https:\/\/www.facebook.com\/CollegioImmacolata\/\" \/>\n<meta property=\"article:modified_time\" content=\"2023-11-14T16:30:30+00:00\" \/>\n<meta name=\"twitter:card\" content=\"summary_large_image\" \/>\n<meta name=\"twitter:label1\" content=\"Tiempo de lectura\" \/>\n\t<meta name=\"twitter:data1\" content=\"3 minutos\" \/>\n<script type=\"application\/ld+json\" class=\"yoast-schema-graph\">{\"@context\":\"https:\/\/schema.org\",\"@graph\":[{\"@type\":\"WebPage\",\"@id\":\"https:\/\/collegioimmacolata.it\/es\/scuola-dellinfanzia\/laboratorio-lingua-inglese\/\",\"url\":\"https:\/\/collegioimmacolata.it\/es\/scuola-dellinfanzia\/laboratorio-lingua-inglese\/\",\"name\":\"Taller de Ingl\u00e9s - Collegio Immacolata Conegliano\",\"isPartOf\":{\"@id\":\"https:\/\/collegioimmacolata.it\/es\/#website\"},\"datePublished\":\"2016-09-27T09:31:09+00:00\",\"dateModified\":\"2023-11-14T16:30:30+00:00\",\"breadcrumb\":{\"@id\":\"https:\/\/collegioimmacolata.it\/es\/scuola-dellinfanzia\/laboratorio-lingua-inglese\/#breadcrumb\"},\"inLanguage\":\"es\",\"potentialAction\":[{\"@type\":\"ReadAction\",\"target\":[\"https:\/\/collegioimmacolata.it\/es\/scuola-dellinfanzia\/laboratorio-lingua-inglese\/\"]}]},{\"@type\":\"BreadcrumbList\",\"@id\":\"https:\/\/collegioimmacolata.it\/es\/scuola-dellinfanzia\/laboratorio-lingua-inglese\/#breadcrumb\",\"itemListElement\":[{\"@type\":\"ListItem\",\"position\":1,\"name\":\"Home\",\"item\":\"https:\/\/collegioimmacolata.it\/es\/\"},{\"@type\":\"ListItem\",\"position\":2,\"name\":\"Escuela de Educaci\u00f3n Infantil\",\"item\":\"https:\/\/collegioimmacolata.it\/es\/scuola-dellinfanzia\/\"},{\"@type\":\"ListItem\",\"position\":3,\"name\":\"Taller de Ingl\u00e9s\"}]},{\"@type\":\"WebSite\",\"@id\":\"https:\/\/collegioimmacolata.it\/es\/#website\",\"url\":\"https:\/\/collegioimmacolata.it\/es\/\",\"name\":\"Collegio Immacolata Conegliano\",\"description\":\"Dal 1897 Scuola leader nell&#039;educazione di bambini e ragazzi, basata sulla pedagogia delle suore Salesiane offre percorsi innovativi e attenti alla persona\",\"publisher\":{\"@id\":\"https:\/\/collegioimmacolata.it\/es\/#organization\"},\"potentialAction\":[{\"@type\":\"SearchAction\",\"target\":{\"@type\":\"EntryPoint\",\"urlTemplate\":\"https:\/\/collegioimmacolata.it\/es\/?s={search_term_string}\"},\"query-input\":\"required name=search_term_string\"}],\"inLanguage\":\"es\"},{\"@type\":\"Organization\",\"@id\":\"https:\/\/collegioimmacolata.it\/es\/#organization\",\"name\":\"Collegio Immacolata Conegliano\",\"url\":\"https:\/\/collegioimmacolata.it\/es\/\",\"logo\":{\"@type\":\"ImageObject\",\"inLanguage\":\"es\",\"@id\":\"https:\/\/collegioimmacolata.it\/es\/#\/schema\/logo\/image\/\",\"url\":\"https:\/\/collegioimmacolata.it\/wp-content\/uploads\/2015\/08\/Favicon.jpg\",\"contentUrl\":\"https:\/\/collegioimmacolata.it\/wp-content\/uploads\/2015\/08\/Favicon.jpg\",\"width\":93,\"height\":93,\"caption\":\"Collegio Immacolata Conegliano\"},\"image\":{\"@id\":\"https:\/\/collegioimmacolata.it\/es\/#\/schema\/logo\/image\/\"},\"sameAs\":[\"https:\/\/www.facebook.com\/CollegioImmacolata\/\",\"https:\/\/www.youtube.com\/channel\/UCanScckbpzSY91ETQwAEmVw\"]}]}<\/script>\n<!-- \/ Yoast SEO plugin. -->","yoast_head_json":{"title":"Taller de Ingl\u00e9s - Collegio Immacolata Conegliano","robots":{"index":"index","follow":"follow","max-snippet":"max-snippet:-1","max-image-preview":"max-image-preview:large","max-video-preview":"max-video-preview:-1"},"canonical":"https:\/\/collegioimmacolata.it\/es\/scuola-dellinfanzia\/laboratorio-lingua-inglese\/","og_locale":"es_ES","og_type":"article","og_title":"Taller de Ingl\u00e9s - Collegio Immacolata Conegliano","og_description":"Este taller es fundamental en la Escuela de Educaci\u00f3n Infantil porque acerca a los ni\u00f1os a un idioma...","og_url":"https:\/\/collegioimmacolata.it\/es\/scuola-dellinfanzia\/laboratorio-lingua-inglese\/","og_site_name":"Collegio Immacolata Conegliano","article_publisher":"https:\/\/www.facebook.com\/CollegioImmacolata\/","article_modified_time":"2023-11-14T16:30:30+00:00","twitter_card":"summary_large_image","twitter_misc":{"Tiempo de lectura":"3 minutos"},"schema":{"@context":"https:\/\/schema.org","@graph":[{"@type":"WebPage","@id":"https:\/\/collegioimmacolata.it\/es\/scuola-dellinfanzia\/laboratorio-lingua-inglese\/","url":"https:\/\/collegioimmacolata.it\/es\/scuola-dellinfanzia\/laboratorio-lingua-inglese\/","name":"Taller de Ingl\u00e9s - Collegio Immacolata Conegliano","isPartOf":{"@id":"https:\/\/collegioimmacolata.it\/es\/#website"},"datePublished":"2016-09-27T09:31:09+00:00","dateModified":"2023-11-14T16:30:30+00:00","breadcrumb":{"@id":"https:\/\/collegioimmacolata.it\/es\/scuola-dellinfanzia\/laboratorio-lingua-inglese\/#breadcrumb"},"inLanguage":"es","potentialAction":[{"@type":"ReadAction","target":["https:\/\/collegioimmacolata.it\/es\/scuola-dellinfanzia\/laboratorio-lingua-inglese\/"]}]},{"@type":"BreadcrumbList","@id":"https:\/\/collegioimmacolata.it\/es\/scuola-dellinfanzia\/laboratorio-lingua-inglese\/#breadcrumb","itemListElement":[{"@type":"ListItem","position":1,"name":"Home","item":"https:\/\/collegioimmacolata.it\/es\/"},{"@type":"ListItem","position":2,"name":"Escuela de Educaci\u00f3n Infantil","item":"https:\/\/collegioimmacolata.it\/es\/scuola-dellinfanzia\/"},{"@type":"ListItem","position":3,"name":"Taller de Ingl\u00e9s"}]},{"@type":"WebSite","@id":"https:\/\/collegioimmacolata.it\/es\/#website","url":"https:\/\/collegioimmacolata.it\/es\/","name":"Collegio Immacolata Conegliano","description":"Dal 1897 Scuola leader nell&#039;educazione di bambini e ragazzi, basata sulla pedagogia delle suore Salesiane offre percorsi innovativi e attenti alla persona","publisher":{"@id":"https:\/\/collegioimmacolata.it\/es\/#organization"},"potentialAction":[{"@type":"SearchAction","target":{"@type":"EntryPoint","urlTemplate":"https:\/\/collegioimmacolata.it\/es\/?s={search_term_string}"},"query-input":"required name=search_term_string"}],"inLanguage":"es"},{"@type":"Organization","@id":"https:\/\/collegioimmacolata.it\/es\/#organization","name":"Collegio Immacolata Conegliano","url":"https:\/\/collegioimmacolata.it\/es\/","logo":{"@type":"ImageObject","inLanguage":"es","@id":"https:\/\/collegioimmacolata.it\/es\/#\/schema\/logo\/image\/","url":"https:\/\/collegioimmacolata.it\/wp-content\/uploads\/2015\/08\/Favicon.jpg","contentUrl":"https:\/\/collegioimmacolata.it\/wp-content\/uploads\/2015\/08\/Favicon.jpg","width":93,"height":93,"caption":"Collegio Immacolata Conegliano"},"image":{"@id":"https:\/\/collegioimmacolata.it\/es\/#\/schema\/logo\/image\/"},"sameAs":["https:\/\/www.facebook.com\/CollegioImmacolata\/","https:\/\/www.youtube.com\/channel\/UCanScckbpzSY91ETQwAEmVw"]}]}},"_links":{"self":[{"href":"https:\/\/collegioimmacolata.it\/es\/wp-json\/wp\/v2\/pages\/4464"}],"collection":[{"href":"https:\/\/collegioimmacolata.it\/es\/wp-json\/wp\/v2\/pages"}],"about":[{"href":"https:\/\/collegioimmacolata.it\/es\/wp-json\/wp\/v2\/types\/page"}],"author":[{"embeddable":true,"href":"https:\/\/collegioimmacolata.it\/es\/wp-json\/wp\/v2\/users\/2"}],"replies":[{"embeddable":true,"href":"https:\/\/collegioimmacolata.it\/es\/wp-json\/wp\/v2\/comments?post=4464"}],"version-history":[{"count":7,"href":"https:\/\/collegioimmacolata.it\/es\/wp-json\/wp\/v2\/pages\/4464\/revisions"}],"predecessor-version":[{"id":7555,"href":"https:\/\/collegioimmacolata.it\/es\/wp-json\/wp\/v2\/pages\/4464\/revisions\/7555"}],"up":[{"embeddable":true,"href":"https:\/\/collegioimmacolata.it\/es\/wp-json\/wp\/v2\/pages\/4508"}],"wp:attachment":[{"href":"https:\/\/collegioimmacolata.it\/es\/wp-json\/wp\/v2\/media?parent=4464"}],"curies":[{"name":"wp","href":"https:\/\/api.w.org\/{rel}","templated":true}]}}